{"id":278,"date":"2020-11-04T08:57:43","date_gmt":"2020-11-04T08:57:43","guid":{"rendered":"https:\/\/themes.getmotopress.com\/albatross\/?page_id=278"},"modified":"2024-04-12T15:27:04","modified_gmt":"2024-04-12T13:27:04","slug":"albatross-hotel-amenities","status":"publish","type":"page","link":"https:\/\/auxberges-thur.fr\/new\/index.php\/albatross-hotel-amenities\/","title":{"rendered":"Notre Belle R\u00e9gion"},"content":{"rendered":"\t\t<div data-elementor-type=\"wp-page\" data-elementor-id=\"278\" class=\"elementor elementor-278\">\n\t\t\t\t\t\t<section class=\"elementor-section elementor-top-section elementor-element elementor-element-d20e305 elementor-section-boxed elementor-section-height-default elementor-section-height-default\" data-id=\"d20e305\" data-element_type=\"section\" data-e-type=\"section\">\n\t\t\t\t\t\t<div class=\"elementor-container elementor-column-gap-default\">\n\t\t\t\t\t<div class=\"elementor-column elementor-col-33 elementor-top-column elementor-element elementor-element-5f9671d\" data-id=\"5f9671d\" data-element_type=\"column\" data-e-type=\"column\">\n\t\t\t<div class=\"elementor-widget-wrap elementor-element-populated\">\n\t\t\t\t\t\t<div class=\"elementor-element elementor-element-ef8584c elementor-widget elementor-widget-stratum-flip-box\" data-id=\"ef8584c\" data-element_type=\"widget\" data-e-type=\"widget\" data-widget_type=\"stratum-flip-box.default\">\n\t\t\t\t<div class=\"elementor-widget-container\">\n\t\t\t\t\t<div class=\"stratum-flip-box flip-box-effect-flip flip-box-direction-right\">\n    <div class=\"stratum-flip-box__inner\">\n        <div class=\"stratum-flip-box__layer stratum-flip-box__front\">\n            <div class=\"stratum-flip-box__layer__overlay\">\n                <div class=\"stratum-flip-box__layer__inner\">\n\t\t\t\t\t                    <h3 class=\"stratum-flip-box__title\">Les Abords<\/h3>\n                    <div class=\"stratum-flip-box__description\">Sportifs et amoureux de la nature, r\u00e9jouissez-vous, la maison se situe \u00e0 proximit\u00e9 d\u2019une piste cyclable, longeant la Thur. Vous pourrez ais\u00e9ment faire du v\u00e9lo, du roller ou une promenade \u00e0 pied et faire votre pause pique-nique au bord de l'eau. Cette piste est aussi un GR et un des trac\u00e9s menant \u00e0 Compostelle pour les marcheurs venant de l\u2019est.<\/div>\n                <\/div>\n            <\/div>\n        <\/div>\n\n        <div class=\"stratum-flip-box__layer stratum-flip-box__back\">\n            <div class=\"stratum-flip-box__layer__overlay\">\n                <div class=\"stratum-flip-box__layer__inner\">\n\t\t\t\t\t                    <h3 class=\"stratum-flip-box__title\">Les Abords<\/h3>\n                    <div class=\"stratum-flip-box__description\"> Le sentier p\u00e9dagogique sur la Biodiversit\u00e9 (prairie, Biotope, marais\u2026) qui a \u00e9t\u00e9 am\u00e9nag\u00e9 sur le lieu-dit \u00ab La coul\u00e9e Verte \u00bb est \u00e9galement une agr\u00e9able balade. Pour profiter amplement des journ\u00e9es d\u2019\u00e9t\u00e9 ensoleill\u00e9es en famille ou entre amis, des terrains de tennis et de p\u00e9tanque sont \u00e0 deux pas.\n<\/div>\n\t\t\t\t\t\t\t\t\t<\/div>\n            <\/div>\n        <\/div>\n    <\/div>\n<\/div>\n\t\t\t\t<\/div>\n\t\t\t\t<\/div>\n\t\t\t\t\t<\/div>\n\t\t<\/div>\n\t\t\t\t<div class=\"elementor-column elementor-col-33 elementor-top-column elementor-element elementor-element-81e4291\" data-id=\"81e4291\" data-element_type=\"column\" data-e-type=\"column\">\n\t\t\t<div class=\"elementor-widget-wrap elementor-element-populated\">\n\t\t\t\t\t\t<div class=\"elementor-element elementor-element-1836fea elementor-widget elementor-widget-stratum-flip-box\" data-id=\"1836fea\" data-element_type=\"widget\" data-e-type=\"widget\" data-widget_type=\"stratum-flip-box.default\">\n\t\t\t\t<div class=\"elementor-widget-container\">\n\t\t\t\t\t<div class=\"stratum-flip-box flip-box-effect-flip flip-box-direction-right\">\n    <div class=\"stratum-flip-box__inner\">\n        <div class=\"stratum-flip-box__layer stratum-flip-box__front\">\n            <div class=\"stratum-flip-box__layer__overlay\">\n                <div class=\"stratum-flip-box__layer__inner\">\n\t\t\t\t\t                    <h3 class=\"stratum-flip-box__title\">Les Vall\u00e9es<\/h3>\n                    <div class=\"stratum-flip-box__description\">Envie de nature, de grands espaces, de culture, de traditions et de terroir ? Vous trouverez tout cela dans un environnement proche. Partez \u00e0 la d\u00e9couverte...<\/div>\n                <\/div>\n            <\/div>\n        <\/div>\n\n        <div class=\"stratum-flip-box__layer stratum-flip-box__back\">\n            <div class=\"stratum-flip-box__layer__overlay\">\n                <div class=\"stratum-flip-box__layer__inner\">\n\t\t\t\t\t                    <h3 class=\"stratum-flip-box__title\">Les Vall\u00e9es<\/h3>\n                    <div class=\"stratum-flip-box__description\">Explorez les Vall\u00e9es de la Lauch, de la Thur et de la Doller, et partez \u00e0 la d\u00e9couverte de leurs nombreux attraits :  le Vivarium du Moulin, le Hartmannswillerkopf, le Parc de Wesserling, la base de loisirs du Lac de Kruth-Wildenstein,  le Train touristique et historique Thur-Doller, la route des Vins et la route des Cr\u00eates et ses fameuses fermes-auberges !<\/div>\n\t\t\t\t\t\t\t\t\t<\/div>\n            <\/div>\n        <\/div>\n    <\/div>\n<\/div>\n\t\t\t\t<\/div>\n\t\t\t\t<\/div>\n\t\t\t\t\t<\/div>\n\t\t<\/div>\n\t\t\t\t<div class=\"elementor-column elementor-col-33 elementor-top-column elementor-element elementor-element-40e87a5\" data-id=\"40e87a5\" data-element_type=\"column\" data-e-type=\"column\">\n\t\t\t<div class=\"elementor-widget-wrap elementor-element-populated\">\n\t\t\t\t\t\t<div class=\"elementor-element elementor-element-60433d2 elementor-widget elementor-widget-stratum-flip-box\" data-id=\"60433d2\" data-element_type=\"widget\" data-e-type=\"widget\" data-widget_type=\"stratum-flip-box.default\">\n\t\t\t\t<div class=\"elementor-widget-container\">\n\t\t\t\t\t<div class=\"stratum-flip-box flip-box-effect-flip flip-box-direction-right\">\n    <div class=\"stratum-flip-box__inner\">\n        <div class=\"stratum-flip-box__layer stratum-flip-box__front\">\n            <div class=\"stratum-flip-box__layer__overlay\">\n                <div class=\"stratum-flip-box__layer__inner\">\n\t\t\t\t\t                    <h3 class=\"stratum-flip-box__title\">Mulhouse, Guebwiller, Colmar &amp; Cie<\/h3>\n                    <div class=\"stratum-flip-box__description\">Staffelfelden est \u00e0 15mn de Mulhouse &amp; Guebwiller, \u00e0 30mn de Colmar, \u00e0 45mn de B\u00e2le (CH) et de Fribourg-en-Brisgau (D)<\/div>\n                <\/div>\n            <\/div>\n        <\/div>\n\n        <div class=\"stratum-flip-box__layer stratum-flip-box__back\">\n            <div class=\"stratum-flip-box__layer__overlay\">\n                <div class=\"stratum-flip-box__layer__inner\">\n\t\t\t\t\t                    <h3 class=\"stratum-flip-box__title\">Mulhouse, Guebwiller, Colmar &amp; Cie<\/h3>\n                    <div class=\"stratum-flip-box__description\">Mulhouse, ville connue pour son zoo, ses mus\u00e9es et ses nombreux centres commerciaux.\nGuebwiller est situ\u00e9e sur la route des vins d\u2019Alsace, au pied du Grand Ballon (1424m). Labellis\u00e9e \u00ab Pays d\u2019Art et d\u2019Histoire \u00bb, cette jolie petite ville rec\u00e8le des lieux magiques : les Dominicains de Haute-Alsace, le Parc de la Marseillaise...\nColmar, jolie ville aux ruelles pittoresques typique de notre R\u00e9gion. \n<\/div>\n\t\t\t\t\t\t\t\t\t<\/div>\n            <\/div>\n        <\/div>\n    <\/div>\n<\/div>\n\t\t\t\t<\/div>\n\t\t\t\t<\/div>\n\t\t\t\t\t<\/div>\n\t\t<\/div>\n\t\t\t\t\t<\/div>\n\t\t<\/section>\n\t\t\t\t<section class=\"elementor-section elementor-top-section elementor-element elementor-element-8315e78 elementor-section-boxed elementor-section-height-default elementor-section-height-default\" data-id=\"8315e78\" data-element_type=\"section\" data-e-type=\"section\">\n\t\t\t\t\t\t<div class=\"elementor-container elementor-column-gap-default\">\n\t\t\t\t\t<div class=\"elementor-column elementor-col-33 elementor-top-column elementor-element elementor-element-0549b4b\" data-id=\"0549b4b\" data-element_type=\"column\" data-e-type=\"column\">\n\t\t\t<div class=\"elementor-widget-wrap elementor-element-populated\">\n\t\t\t\t\t\t<div class=\"elementor-element elementor-element-c9488c9 elementor-widget elementor-widget-stratum-flip-box\" data-id=\"c9488c9\" data-element_type=\"widget\" data-e-type=\"widget\" data-widget_type=\"stratum-flip-box.default\">\n\t\t\t\t<div class=\"elementor-widget-container\">\n\t\t\t\t\t<div class=\"stratum-flip-box flip-box-effect-flip flip-box-direction-right\">\n    <div class=\"stratum-flip-box__inner\">\n        <div class=\"stratum-flip-box__layer stratum-flip-box__front\">\n            <div class=\"stratum-flip-box__layer__overlay\">\n                <div class=\"stratum-flip-box__layer__inner\">\n\t\t\t\t\t                    <h3 class=\"stratum-flip-box__title\">Les Mus\u00e9es<\/h3>\n                    <div class=\"stratum-flip-box__description\">L'Alsace est une r\u00e9gion riche en magnifiques mus\u00e9es qui ne demandent qu'\u00e0 \u00eatre explor\u00e9s et qui vous feront passer de tr\u00e8s bon moments.<\/div>\n                <\/div>\n            <\/div>\n        <\/div>\n\n        <div class=\"stratum-flip-box__layer stratum-flip-box__back\">\n            <div class=\"stratum-flip-box__layer__overlay\">\n                <div class=\"stratum-flip-box__layer__inner\">\n\t\t\t\t\t                    <h3 class=\"stratum-flip-box__title\">Les Mus\u00e9es<\/h3>\n                    <div class=\"stratum-flip-box__description\">\nL\u2019Ecomus\u00e9e, lieu incontournable qui vous garantit une sortie ludique dans les traditions alsaciennes d\u2019une autre \u00e9poque.\nLe Mus\u00e9e de l'Automobile, abritant la plus belle collection automobile du monde.\nSans oublier : La cit\u00e9 du Train, Electropolis, Le Mus\u00e9e des Beaux-Arts, Le Mus\u00e9e de l'Impression sur Etoffes, Le Mus\u00e9e Unterlinden, Le Mus\u00e9e Th\u00e9odore Deck, La Nef des jouets...<\/div>\n\t\t\t\t\t\t\t\t\t<\/div>\n            <\/div>\n        <\/div>\n    <\/div>\n<\/div>\n\t\t\t\t<\/div>\n\t\t\t\t<\/div>\n\t\t\t\t\t<\/div>\n\t\t<\/div>\n\t\t\t\t<div class=\"elementor-column elementor-col-33 elementor-top-column elementor-element elementor-element-ebb4ec4\" data-id=\"ebb4ec4\" data-element_type=\"column\" data-e-type=\"column\">\n\t\t\t<div class=\"elementor-widget-wrap elementor-element-populated\">\n\t\t\t\t\t\t<div class=\"elementor-element elementor-element-f18ee7a elementor-widget elementor-widget-stratum-flip-box\" data-id=\"f18ee7a\" data-element_type=\"widget\" data-e-type=\"widget\" data-widget_type=\"stratum-flip-box.default\">\n\t\t\t\t<div class=\"elementor-widget-container\">\n\t\t\t\t\t<div class=\"stratum-flip-box flip-box-effect-flip flip-box-direction-right\">\n    <div class=\"stratum-flip-box__inner\">\n        <div class=\"stratum-flip-box__layer stratum-flip-box__front\">\n            <div class=\"stratum-flip-box__layer__overlay\">\n                <div class=\"stratum-flip-box__layer__inner\">\n\t\t\t\t\t                    <h3 class=\"stratum-flip-box__title\">Parcs de Loisirs<\/h3>\n                    <div class=\"stratum-flip-box__description\">Apr\u00e8s toutes ces visites culturels rien de tel qu'un parc de loisirs pour se divertir.<\/div>\n                <\/div>\n            <\/div>\n        <\/div>\n\n        <div class=\"stratum-flip-box__layer stratum-flip-box__back\">\n            <div class=\"stratum-flip-box__layer__overlay\">\n                <div class=\"stratum-flip-box__layer__inner\">\n\t\t\t\t\t                    <h3 class=\"stratum-flip-box__title\">Parcs de Loisirs<\/h3>\n                    <div class=\"stratum-flip-box__description\">Les amoureux des animaux seront ravis de d\u00e9couvrir le magnifique Zoo de Mulhouse, la Montagne des Singes, la Volerie des Aigles et le NaturOparC.\nLes f\u00e9rus de sensations seront servis avec, \u00e0 5mn, le Parc du Petit Prince, et \u00e0 1h, l'Europapark, l'un des plus beaux parc de loisirs et d'attractions du monde !\nSans oublier les ch\u00e2teaux, comme le Hohlandsbourg ou le Haut-Koenigsbourg.<\/div>\n\t\t\t\t\t\t\t\t\t<\/div>\n            <\/div>\n        <\/div>\n    <\/div>\n<\/div>\n\t\t\t\t<\/div>\n\t\t\t\t<\/div>\n\t\t\t\t\t<\/div>\n\t\t<\/div>\n\t\t\t\t<div class=\"elementor-column elementor-col-33 elementor-top-column elementor-element elementor-element-1b09bac\" data-id=\"1b09bac\" data-element_type=\"column\" data-e-type=\"column\">\n\t\t\t<div class=\"elementor-widget-wrap elementor-element-populated\">\n\t\t\t\t\t\t<div class=\"elementor-element elementor-element-fec4d60 elementor-widget elementor-widget-stratum-flip-box\" data-id=\"fec4d60\" data-element_type=\"widget\" data-e-type=\"widget\" data-widget_type=\"stratum-flip-box.default\">\n\t\t\t\t<div class=\"elementor-widget-container\">\n\t\t\t\t\t<div class=\"stratum-flip-box flip-box-effect-flip flip-box-direction-right\">\n    <div class=\"stratum-flip-box__inner\">\n        <div class=\"stratum-flip-box__layer stratum-flip-box__front\">\n            <div class=\"stratum-flip-box__layer__overlay\">\n                <div class=\"stratum-flip-box__layer__inner\">\n\t\t\t\t\t                    <h3 class=\"stratum-flip-box__title\">En Hiver<\/h3>\n                    <div class=\"stratum-flip-box__description\">Si vous \u00eates plut\u00f4t vin chaud et batailles de boules de neige, rendez-nous visite cet hiver, la saison de l'Alsace traditionnelle !<\/div>\n                <\/div>\n            <\/div>\n        <\/div>\n\n        <div class=\"stratum-flip-box__layer stratum-flip-box__back\">\n            <div class=\"stratum-flip-box__layer__overlay\">\n                <div class=\"stratum-flip-box__layer__inner\">\n\t\t\t\t\t                    <h3 class=\"stratum-flip-box__title\">En Hiver<\/h3>\n                    <div class=\"stratum-flip-box__description\">L\u2019hiver r\u00e9serve de belles surprises : f\u00e9\u00e9rie de No\u00ebl avec les Lumi\u00e8res et March\u00e9s de No\u00ebl,  sp\u00e9cialit\u00e9s de saison et tables de prestige (30 restaurants \u00e9toil\u00e9s en Alsace), s\u00e9r\u00e9nit\u00e9 dans des Thermes\/Spas en Allemagne (\u00e0 35mn), sports d'hiver...<\/div>\n\t\t\t\t\t\t\t\t\t<\/div>\n            <\/div>\n        <\/div>\n    <\/div>\n<\/div>\n\t\t\t\t<\/div>\n\t\t\t\t<\/div>\n\t\t\t\t\t<\/div>\n\t\t<\/div>\n\t\t\t\t\t<\/div>\n\t\t<\/section>\n\t\t\t\t<\/div>\n\t\t","protected":false},"excerpt":{"rendered":"","protected":false},"author":1,"featured_media":587,"parent":0,"menu_order":0,"comment_status":"closed","ping_status":"closed","template":"template-page-wide.php","meta":{"inline_featured_image":false,"_monsterinsights_skip_tracking":false,"_monsterinsights_sitenote_active":false,"_monsterinsights_sitenote_note":"","_monsterinsights_sitenote_category":0,"footnotes":""},"class_list":["post-278","page","type-page","status-publish","has-post-thumbnail","hentry"],"aioseo_notices":[],"_links":{"self":[{"href":"https:\/\/auxberges-thur.fr\/new\/index.php\/wp-json\/wp\/v2\/pages\/278","targetHints":{"allow":["GET"]}}],"collection":[{"href":"https:\/\/auxberges-thur.fr\/new\/index.php\/wp-json\/wp\/v2\/pages"}],"about":[{"href":"https:\/\/auxberges-thur.fr\/new\/index.php\/wp-json\/wp\/v2\/types\/page"}],"author":[{"embeddable":true,"href":"https:\/\/auxberges-thur.fr\/new\/index.php\/wp-json\/wp\/v2\/users\/1"}],"replies":[{"embeddable":true,"href":"https:\/\/auxberges-thur.fr\/new\/index.php\/wp-json\/wp\/v2\/comments?post=278"}],"version-history":[{"count":34,"href":"https:\/\/auxberges-thur.fr\/new\/index.php\/wp-json\/wp\/v2\/pages\/278\/revisions"}],"predecessor-version":[{"id":720,"href":"https:\/\/auxberges-thur.fr\/new\/index.php\/wp-json\/wp\/v2\/pages\/278\/revisions\/720"}],"wp:featuredmedia":[{"embeddable":true,"href":"https:\/\/auxberges-thur.fr\/new\/index.php\/wp-json\/wp\/v2\/media\/587"}],"wp:attachment":[{"href":"https:\/\/auxberges-thur.fr\/new\/index.php\/wp-json\/wp\/v2\/media?parent=278"}],"curies":[{"name":"wp","href":"https:\/\/api.w.org\/{rel}","templated":true}]}}