{"id":306,"date":"2020-11-04T09:28:14","date_gmt":"2020-11-04T09:28:14","guid":{"rendered":"https:\/\/themes.getmotopress.com\/albatross\/?page_id=306"},"modified":"2024-04-04T14:57:39","modified_gmt":"2024-04-04T12:57:39","slug":"restaurant-bar","status":"publish","type":"page","link":"https:\/\/auxberges-thur.fr\/new\/index.php\/restaurant-bar\/","title":{"rendered":"Notre Salon"},"content":{"rendered":"\t\t<div data-elementor-type=\"wp-page\" data-elementor-id=\"306\" class=\"elementor elementor-306\">\n\t\t\t\t\t\t<section class=\"elementor-section elementor-top-section elementor-element elementor-element-cb26f36 elementor-section-boxed elementor-section-height-default elementor-section-height-default\" data-id=\"cb26f36\" data-element_type=\"section\" data-e-type=\"section\">\n\t\t\t\t\t\t<div class=\"elementor-container elementor-column-gap-default\">\n\t\t\t\t\t<div class=\"elementor-column elementor-col-50 elementor-top-column elementor-element elementor-element-89dc140\" data-id=\"89dc140\" data-element_type=\"column\" data-e-type=\"column\" data-settings=\"{&quot;background_background&quot;:&quot;classic&quot;}\">\n\t\t\t<div class=\"elementor-widget-wrap elementor-element-populated\">\n\t\t\t\t\t\t<div class=\"elementor-element elementor-element-75ad839 elementor-widget elementor-widget-image\" data-id=\"75ad839\" data-element_type=\"widget\" data-e-type=\"widget\" data-widget_type=\"image.default\">\n\t\t\t\t<div class=\"elementor-widget-container\">\n\t\t\t\t\t\t\t\t\t\t\t\t\t\t\t<img fetchpriority=\"high\" decoding=\"async\" width=\"536\" height=\"472\" src=\"https:\/\/auxberges-thur.fr\/new\/wp-content\/uploads\/2024\/04\/Salon02.png\" class=\"attachment-full size-full wp-image-695\" alt=\"Salon\" srcset=\"https:\/\/auxberges-thur.fr\/new\/wp-content\/uploads\/2024\/04\/Salon02.png 536w, https:\/\/auxberges-thur.fr\/new\/wp-content\/uploads\/2024\/04\/Salon02-300x264.png 300w, https:\/\/auxberges-thur.fr\/new\/wp-content\/uploads\/2024\/04\/Salon02-341x300.png 341w\" sizes=\"(max-width: 536px) 100vw, 536px\" \/>\t\t\t\t\t\t\t\t\t\t\t\t\t\t\t<\/div>\n\t\t\t\t<\/div>\n\t\t\t\t\t<\/div>\n\t\t<\/div>\n\t\t\t\t<div class=\"elementor-column elementor-col-50 elementor-top-column elementor-element elementor-element-1c5e3e8\" data-id=\"1c5e3e8\" data-element_type=\"column\" data-e-type=\"column\">\n\t\t\t<div class=\"elementor-widget-wrap elementor-element-populated\">\n\t\t\t\t\t\t<div class=\"elementor-element elementor-element-d2dd28f elementor-widget elementor-widget-heading\" data-id=\"d2dd28f\" data-element_type=\"widget\" data-e-type=\"widget\" data-widget_type=\"heading.default\">\n\t\t\t\t<div class=\"elementor-widget-container\">\n\t\t\t\t\t<h2 class=\"elementor-heading-title elementor-size-default\">Un coin de d\u00e9tente et de partage\n<\/h2>\t\t\t\t<\/div>\n\t\t\t\t<\/div>\n\t\t\t\t<div class=\"elementor-element elementor-element-a6b8f8d elementor-widget elementor-widget-text-editor\" data-id=\"a6b8f8d\" data-element_type=\"widget\" data-e-type=\"widget\" data-widget_type=\"text-editor.default\">\n\t\t\t\t<div class=\"elementor-widget-container\">\n\t\t\t\t\t\t\t\t\t<p>Au rez-de-chauss\u00e9e, un salon vous est r\u00e9serv\u00e9 et vous accueille avec fauteuils, biblioth\u00e8que, jeux de soci\u00e9t\u00e9. C&#8217;est aussi un lieu de rencontre ou de d\u00e9lices, pour les petits d\u00e9jeuners ou le &#8220;tea time&#8221;, avec sachets de th\u00e9, tisane et caf\u00e9 \u00e0 votre disposition.<br \/>Dans une petite pi\u00e8ce attenante, vous disposez d&#8217;une kitchenette et de vaisselle.<\/p>\t\t\t\t\t\t\t\t<\/div>\n\t\t\t\t<\/div>\n\t\t\t\t\t<\/div>\n\t\t<\/div>\n\t\t\t\t\t<\/div>\n\t\t<\/section>\n\t\t\t\t<section class=\"elementor-section elementor-top-section elementor-element elementor-element-0a3227e elementor-section-boxed elementor-section-height-default elementor-section-height-default\" data-id=\"0a3227e\" data-element_type=\"section\" data-e-type=\"section\" data-settings=\"{&quot;background_background&quot;:&quot;classic&quot;}\">\n\t\t\t\t\t\t<div class=\"elementor-container elementor-column-gap-default\">\n\t\t\t\t\t<div class=\"elementor-column elementor-col-50 elementor-top-column elementor-element elementor-element-852e11b\" data-id=\"852e11b\" data-element_type=\"column\" data-e-type=\"column\" data-settings=\"{&quot;background_background&quot;:&quot;classic&quot;}\">\n\t\t\t<div class=\"elementor-widget-wrap elementor-element-populated\">\n\t\t\t\t\t\t<div class=\"elementor-element elementor-element-5d38600 elementor-widget elementor-widget-heading\" data-id=\"5d38600\" data-element_type=\"widget\" data-e-type=\"widget\" data-widget_type=\"heading.default\">\n\t\t\t\t<div class=\"elementor-widget-container\">\n\t\t\t\t\t<h2 class=\"elementor-heading-title elementor-size-default\">Le Petit D\u00e9jeuner<\/h2>\t\t\t\t<\/div>\n\t\t\t\t<\/div>\n\t\t\t\t<div class=\"elementor-element elementor-element-2c94f10 elementor-widget elementor-widget-heading\" data-id=\"2c94f10\" data-element_type=\"widget\" data-e-type=\"widget\" data-widget_type=\"heading.default\">\n\t\t\t\t<div class=\"elementor-widget-container\">\n\t\t\t\t\t<h4 class=\"elementor-heading-title elementor-size-default\">Mettez vos papilles en \u00e9moi pour bien commencer la journ\u00e9e !<\/h4>\t\t\t\t<\/div>\n\t\t\t\t<\/div>\n\t\t\t\t<section class=\"elementor-section elementor-inner-section elementor-element elementor-element-3b01449 elementor-section-boxed elementor-section-height-default elementor-section-height-default\" data-id=\"3b01449\" data-element_type=\"section\" data-e-type=\"section\">\n\t\t\t\t\t\t<div class=\"elementor-container elementor-column-gap-default\">\n\t\t\t\t\t<div class=\"elementor-column elementor-col-50 elementor-inner-column elementor-element elementor-element-34c1c64\" data-id=\"34c1c64\" data-element_type=\"column\" data-e-type=\"column\">\n\t\t\t<div class=\"elementor-widget-wrap elementor-element-populated\">\n\t\t\t\t\t\t<div class=\"elementor-element elementor-element-05def57 elementor-widget-divider--view-line elementor-widget elementor-widget-divider\" data-id=\"05def57\" data-element_type=\"widget\" data-e-type=\"widget\" data-widget_type=\"divider.default\">\n\t\t\t\t<div class=\"elementor-widget-container\">\n\t\t\t\t\t\t\t<div class=\"elementor-divider\">\n\t\t\t<span class=\"elementor-divider-separator\">\n\t\t\t\t\t\t<\/span>\n\t\t<\/div>\n\t\t\t\t\t\t<\/div>\n\t\t\t\t<\/div>\n\t\t\t\t\t<\/div>\n\t\t<\/div>\n\t\t\t\t<div class=\"elementor-column elementor-col-50 elementor-inner-column elementor-element elementor-element-8cb0270\" data-id=\"8cb0270\" data-element_type=\"column\" data-e-type=\"column\">\n\t\t\t<div class=\"elementor-widget-wrap elementor-element-populated\">\n\t\t\t\t\t\t<div class=\"elementor-element elementor-element-c739d09 elementor-widget elementor-widget-text-editor\" data-id=\"c739d09\" data-element_type=\"widget\" data-e-type=\"widget\" data-widget_type=\"text-editor.default\">\n\t\t\t\t<div class=\"elementor-widget-container\">\n\t\t\t\t\t\t\t\t\t<p>Commencez votre journ\u00e9e avec gourmandise gr\u00e2ce aux brioches, cakes ou viennoiseries, pains et confitures maison r\u00e9alis\u00e9es par R\u00e9my, dans notre p\u00e2tisserie\/boulangerie R\u00e9my K. \u00e0 Soultz ! (facebook.com\/patisserieRemyk)<br \/>Vous trouverez \u00e9galement sur la table matinale, joliment dress\u00e9e par Clarisse, des laitages, un jus de fruit, des fruits de saison, des tranches de fromage et de charcuteries (sur demande), et bien-s\u00fbr caf\u00e9, chocolat, th\u00e9s ou infusions.<\/p>\t\t\t\t\t\t\t\t<\/div>\n\t\t\t\t<\/div>\n\t\t\t\t\t<\/div>\n\t\t<\/div>\n\t\t\t\t\t<\/div>\n\t\t<\/section>\n\t\t\t\t\t<\/div>\n\t\t<\/div>\n\t\t\t\t<div class=\"elementor-column elementor-col-50 elementor-top-column elementor-element elementor-element-579f415\" data-id=\"579f415\" data-element_type=\"column\" data-e-type=\"column\" data-settings=\"{&quot;background_background&quot;:&quot;classic&quot;}\">\n\t\t\t<div class=\"elementor-widget-wrap\">\n\t\t\t\t\t\t\t<\/div>\n\t\t<\/div>\n\t\t\t\t\t<\/div>\n\t\t<\/section>\n\t\t<div class=\"elementor-element elementor-element-1a3f018 e-flex e-con-boxed e-con e-parent\" data-id=\"1a3f018\" data-element_type=\"container\" data-e-type=\"container\">\n\t\t\t\t\t<div class=\"e-con-inner\">\n\t\t\t\t\t<\/div>\n\t\t\t\t<\/div>\n\t\t\t\t<\/div>\n\t\t","protected":false},"excerpt":{"rendered":"<p>Un coin de d\u00e9tente et de partage Au rez-de-chauss\u00e9e, un salon vous est r\u00e9serv\u00e9 et vous accueille avec fauteuils, biblioth\u00e8que, jeux de soci\u00e9t\u00e9. C&#8217;est aussi un lieu de rencontre ou de d\u00e9lices, pour les petits d\u00e9jeuners ou le &#8220;tea time&#8221;, avec sachets de th\u00e9, tisane et caf\u00e9 \u00e0 votre disposition.Dans une petite pi\u00e8ce attenante, vous [&hellip;]<\/p>\n","protected":false},"author":1,"featured_media":546,"parent":0,"menu_order":0,"comment_status":"closed","ping_status":"closed","template":"template-page-full-width.php","meta":{"inline_featured_image":false,"_monsterinsights_skip_tracking":false,"_monsterinsights_sitenote_active":false,"_monsterinsights_sitenote_note":"","_monsterinsights_sitenote_category":0,"footnotes":""},"class_list":["post-306","page","type-page","status-publish","has-post-thumbnail","hentry"],"aioseo_notices":[],"_links":{"self":[{"href":"https:\/\/auxberges-thur.fr\/new\/index.php\/wp-json\/wp\/v2\/pages\/306","targetHints":{"allow":["GET"]}}],"collection":[{"href":"https:\/\/auxberges-thur.fr\/new\/index.php\/wp-json\/wp\/v2\/pages"}],"about":[{"href":"https:\/\/auxberges-thur.fr\/new\/index.php\/wp-json\/wp\/v2\/types\/page"}],"author":[{"embeddable":true,"href":"https:\/\/auxberges-thur.fr\/new\/index.php\/wp-json\/wp\/v2\/users\/1"}],"replies":[{"embeddable":true,"href":"https:\/\/auxberges-thur.fr\/new\/index.php\/wp-json\/wp\/v2\/comments?post=306"}],"version-history":[{"count":20,"href":"https:\/\/auxberges-thur.fr\/new\/index.php\/wp-json\/wp\/v2\/pages\/306\/revisions"}],"predecessor-version":[{"id":704,"href":"https:\/\/auxberges-thur.fr\/new\/index.php\/wp-json\/wp\/v2\/pages\/306\/revisions\/704"}],"wp:featuredmedia":[{"embeddable":true,"href":"https:\/\/auxberges-thur.fr\/new\/index.php\/wp-json\/wp\/v2\/media\/546"}],"wp:attachment":[{"href":"https:\/\/auxberges-thur.fr\/new\/index.php\/wp-json\/wp\/v2\/media?parent=306"}],"curies":[{"name":"wp","href":"https:\/\/api.w.org\/{rel}","templated":true}]}}